{"id":835,"date":"2026-01-21T14:47:04","date_gmt":"2026-01-21T13:47:04","guid":{"rendered":"https:\/\/unpetitbrin.fr\/?post_type=product&#038;p=835"},"modified":"2026-04-01T22:44:21","modified_gmt":"2026-04-01T20:44:21","slug":"hydrolat-bio-dhelichryse-2","status":"publish","type":"product","link":"https:\/\/unpetitbrin.fr\/index.php\/produit\/hydrolat-bio-dhelichryse-2\/","title":{"rendered":"Hydrolat Bio d&rsquo;h\u00e9lichryse"},"content":{"rendered":"<div class=\"page\" title=\"Page 1\">\n<div class=\"layoutArea\">\n<div class=\"column\"><span style=\"font-size: 16px\">Sommite\u0301s fleuries distille\u0301es par entrainement a\u0300 la vapeur.<\/span><br \/>\nLa plante est issue de notre plantation conduite en agriculture biologique.<br \/>\nNotre hydrolat est 100 % pur et naturel, certifie\u0301 agriculture biologique par Ecocert. Nous utilisons plus d\u20191 kg de plantes pour obtenir 1 litre d\u2019hydrolat.<br \/>\nNous vous proposons donc un hydrolat de qualite\u0301, concentre\u0301 en principes actifs et filtre\u0301.<\/p>\n<h4><\/h4>\n<h4 style=\"text-align: left\">Conseils d&rsquo;utilisation g\u00e9n\u00e9raux d&rsquo;un hydrolat, pr\u00e9cautions d&#8217;emploi et de conservation :<\/h4>\n<ul>\n<li><span style=\"font-size: 16px\"><strong>Usage externe :<\/strong> le plus re\u0301pandu, application a\u0300 l\u2019aide d\u2019un spray, d\u2019un coton ou d\u2019une compresse, mais e\u0301galement dans vos pre\u0301parations cosme\u0301tiques\u00a0<\/span><span style=\"font-size: 16px\">faites \u00ab maison \u00bb.<\/span><\/li>\n<li><span style=\"font-size: 16px\"><strong>Usage interne :<\/strong> a\u0300 boire pur ou dilue\u0301 en fonction du gou\u0302t (pour la quantite\u0301 et la dure\u0301e d\u2019utilisation, voir avec votre the\u0301rapeute).<\/span><\/li>\n<li><strong>Dans le bain :<\/strong> a\u0300 verser directement dans l\u2019eau du bain.<\/li>\n<li><strong>Hygie\u0300ne buccale :<\/strong> pur ou dilue\u0301 dans le verre de rinc\u0327age.<\/li>\n<li><strong>En cuisine :<\/strong> pour aromatiser vos plats ou desserts, ou comme succe\u0301dane\u0301 de tisanes.<\/li>\n<li><strong>Tenir hors de porte\u0301e des jeunes enfants.<\/strong><\/li>\n<li><strong>Ne pas de\u0301passer la dose journalie\u0300re recommande\u0301e<\/strong>, se conformer a\u0300 l\u2019avis de votre spe\u0301cialiste.<\/li>\n<li><span style=\"font-size: 16px\">Nos hydrolats sont sans conservateur, nous vous recommandons de les<\/span><strong style=\"font-size: 16px\"> conserver a\u0300 l\u2019abri de la lumie\u0300re dans un endroit frais<\/strong><span style=\"font-size: 16px\"> (le mieux : au r\u00e9frig\u00e9rateur une\u00a0fois ouvert) et de le <\/span><strong style=\"font-size: 16px\">consommer dans les 2 mois suivants l\u2019ouverture<\/strong><span style=\"font-size: 16px\">.<\/span><\/li>\n<\/ul>\n<h4 style=\"text-align: left\">Les proprie\u0301te\u0301s et indications des plantes :<\/h4>\n<ul>\n<li><a href=\"http:\/\/www.wikiphyto.org\" target=\"_blank\" rel=\"noopener\">www.wikiphyto.org<\/a> : site d&rsquo;informations sur les plantes et leurs utilisations.<\/li>\n<li>La phytothe\u0301rapie, Dr Jean Valnet.<\/li>\n<li>Traite\u0301 d\u2019aromathe\u0301rapie scientifique et me\u0301dicale, les hydrolats, Michel Faucon.<\/li>\n<li>Hydrolathe\u0301rapie, Lydia Bosson.<\/li>\n<\/ul>\n<div class=\"page\" title=\"Page 2\">\n<div class=\"layoutArea\">\n<div class=\"column\"><\/div>\n<\/div>\n<\/div>\n<\/div>\n<\/div>\n<\/div>\n<p><!--more--><\/p>\n","protected":false},"excerpt":{"rendered":"<p><i><span style=\"font-weight: 400\">Helichrysum italicum.<\/span><\/i><\/p>\n<p><i><span style=\"font-weight: 400\">Flacon de 100 ml en verre teint\u00e9.<\/span><\/i><\/p>\n","protected":false},"featured_media":420,"template":"","meta":{"site-sidebar-layout":"default","site-content-layout":"default","ast-site-content-layout":"default","site-content-style":"default","site-sidebar-style":"default","ast-global-header-display":"","ast-banner-title-visibility":"","ast-main-header-display":"","ast-hfb-above-header-display":"","ast-hfb-below-header-display":"","ast-hfb-mobile-header-display":"","site-post-title":"","ast-breadcrumbs-content":"","ast-featured-img":"","footer-sml-layout":"","ast-disable-related-posts":"","theme-transparent-header-meta":"default","adv-header-id-meta":"","stick-header-meta":"","header-above-stick-meta":"","header-main-stick-meta":"","header-below-stick-meta":"","astra-migrate-meta-layouts":"set","ast-page-background-enabled":"default","ast-page-background-meta":{"desktop":{"background-color":"var(--ast-global-color-4)","background-image":"","background-repeat":"repeat","background-position":"center center","background-size":"auto","background-attachment":"scroll","background-type":"","background-media":"","overlay-type":"","overlay-color":"","overlay-opacity":"","overlay-gradient":""},"tablet":{"background-color":"","background-image":"","background-repeat":"repeat","background-position":"center center","background-size":"auto","background-attachment":"scroll","background-type":"","background-media":"","overlay-type":"","overlay-color":"","overlay-opacity":"","overlay-gradient":""},"mobile":{"background-color":"","background-image":"","background-repeat":"repeat","background-position":"center center","background-size":"auto","background-attachment":"scroll","background-type":"","background-media":"","overlay-type":"","overlay-color":"","overlay-opacity":"","overlay-gradient":""}},"ast-content-background-meta":{"desktop":{"background-color":"var(--ast-global-color-5)","background-image":"","background-repeat":"repeat","background-position":"center center","background-size":"auto","background-attachment":"scroll","background-type":"","background-media":"","overlay-type":"","overlay-color":"","overlay-opacity":"","overlay-gradient":""},"tablet":{"background-color":"var(--ast-global-color-5)","background-image":"","background-repeat":"repeat","background-position":"center center","background-size":"auto","background-attachment":"scroll","background-type":"","background-media":"","overlay-type":"","overlay-color":"","overlay-opacity":"","overlay-gradient":""},"mobile":{"background-color":"var(--ast-global-color-5)","background-image":"","background-repeat":"repeat","background-position":"center center","background-size":"auto","background-attachment":"scroll","background-type":"","background-media":"","overlay-type":"","overlay-color":"","overlay-opacity":"","overlay-gradient":""}}},"product_brand":[],"product_cat":[22],"product_tag":[26,25],"class_list":{"0":"post-835","1":"product","2":"type-product","3":"status-publish","4":"has-post-thumbnail","6":"product_cat-hydrolats","7":"product_tag-helichryse","8":"product_tag-hydrolat","9":"desktop-align-left","10":"tablet-align-left","11":"mobile-align-left","13":"first","14":"instock","15":"shipping-taxable","16":"purchasable","17":"product-type-variable"},"jetpack-related-posts":[],"jetpack_sharing_enabled":true,"_links":{"self":[{"href":"https:\/\/unpetitbrin.fr\/index.php\/wp-json\/wp\/v2\/product\/835","targetHints":{"allow":["GET"]}}],"collection":[{"href":"https:\/\/unpetitbrin.fr\/index.php\/wp-json\/wp\/v2\/product"}],"about":[{"href":"https:\/\/unpetitbrin.fr\/index.php\/wp-json\/wp\/v2\/types\/product"}],"wp:featuredmedia":[{"embeddable":true,"href":"https:\/\/unpetitbrin.fr\/index.php\/wp-json\/wp\/v2\/media\/420"}],"wp:attachment":[{"href":"https:\/\/unpetitbrin.fr\/index.php\/wp-json\/wp\/v2\/media?parent=835"}],"wp:term":[{"taxonomy":"product_brand","embeddable":true,"href":"https:\/\/unpetitbrin.fr\/index.php\/wp-json\/wp\/v2\/product_brand?post=835"},{"taxonomy":"product_cat","embeddable":true,"href":"https:\/\/unpetitbrin.fr\/index.php\/wp-json\/wp\/v2\/product_cat?post=835"},{"taxonomy":"product_tag","embeddable":true,"href":"https:\/\/unpetitbrin.fr\/index.php\/wp-json\/wp\/v2\/product_tag?post=835"}],"curies":[{"name":"wp","href":"https:\/\/api.w.org\/{rel}","templated":true}]}}