{"id":320,"date":"2022-07-30T15:47:55","date_gmt":"2022-07-30T13:47:55","guid":{"rendered":"https:\/\/unpetitbrin.fr\/?page_id=320"},"modified":"2025-06-19T22:16:36","modified_gmt":"2025-06-19T20:16:36","slug":"boutiqueslocales","status":"publish","type":"page","link":"https:\/\/unpetitbrin.fr\/index.php\/boutiqueslocales\/","title":{"rendered":"Boutiques locales"},"content":{"rendered":"\n<p>Notre d\u00e9marche de producteurs locaux s\u2019inscrit dans une volont\u00e9 de consommer localement.<br>C\u2019est pourquoi le fruit de notre production est en vente directe sur les march\u00e9s environnants notre ferme :<\/p>\n\n\n\n<ul class=\"wp-block-list\">\n<li>March\u00e9 du samedi matin \u2013 24170 BELVES<br><\/li>\n\n\n\n<li>March\u00e9 du dimanche matin &#8211; 24220 SAINT-CYPRIEN<br><\/li>\n<\/ul>\n\n\n\n<p>Vous pouvez \u00e9galement retrouver nos produits en vente dans diff\u00e9rentes boutiques dans l\u2019environnement proche de notre ferme :<\/p>\n\n\n\n<ul class=\"wp-block-list\">\n<li><a href=\"https:\/\/www.facebook.com\/boutiqueterroirbelves\">La Boutique du terroir<\/a>&nbsp;\u2013 39, Esp. de la Br\u00e8che \u2013 24170 BELVES \u2013 05 53 29 63 07<br><\/li>\n\n\n\n<li><a href=\"https:\/\/www.facebook.com\/lecomptoirdesproducteurs\">Le Comptoir des Producteurs<\/a>&nbsp;\u2013 rue de la gare \u2013 24170 SIORAC EN PERIGORD \u2013 05 53 28 34 16<br><\/li>\n\n\n\n<li><a href=\"https:\/\/www.facebook.com\/lescroquants24\">Les Croquants&nbsp;<\/a>\u2013 Bourg \u2013 24220 LE COUX ET BIGAROQUE \u2013 05 53 28 74 62<br><\/li>\n\n\n\n<li><a href=\"https:\/\/www.facebook.com\/alexandretoson\">Localement v\u00f4tre<\/a> &#8211; 17, rue de la R\u00e9publique &#8211; 24480 LE BUISSON DE CADOUIN &#8211; &nbsp;05 53 61 77 90<br><\/li>\n\n\n\n<li><a href=\"https:\/\/www.lamaisonpaysanne-lebugue.fr\/\">La Maison Paysanne<\/a> &#8211; 26 Avenue de la Lib\u00e9ration &#8211; 24260 LE BUGUE &#8211; &nbsp;05 53 53 49 56<br><\/li>\n\n\n\n<li><a href=\"https:\/\/www.facebook.com\/profile.php?id=100054249020540\">Campagne Productions<\/a> &#8211; 225 Route d&rsquo;Angoul\u00eame &#8211; 24000 PERIGUEUX &#8211; 05 53 46 41 90<a href=\"https:\/\/www.lamaisonpaysanne-lebugue.fr\/\">L<\/a><br><\/li>\n\n\n\n<li><a href=\"https:\/\/les-pieds-dans-le-bocal.fr\" data-type=\"link\" data-id=\"https:\/\/les-pieds-dans-le-bocal.fr\">Les pieds dans le bocal<\/a> &#8211; 43 avenue Lib\u00e9ration &#8211; 24210 THENON &#8211; 05 47 45 93 48<br><\/li>\n\n\n\n<li><a href=\"https:\/\/www.la-ferme-de-vialard.com\">La ferme de Vialard<\/a> &#8211; 305 Rue de la Croix Verte &#8211; 24200 CARSAC-AILLAC &#8211; 05.53.31.98.50.<\/li>\n<\/ul>\n\n\n\n<p><\/p>\n\n\n\n<p><\/p>\n\n\n<p><iframe data-src=\"https:\/\/www.google.com\/maps\/d\/u\/0\/embed?mid=1j3beXDQ0-n1i30TIhpduSzYKIMUqdUs&#038;ehbc=2E312F&#038;noprof=1\" width=\"640\" height=\"480\" src=\"data:image\/svg+xml;base64,PHN2ZyB3aWR0aD0iMSIgaGVpZ2h0PSIxIiB4bWxucz0iaHR0cDovL3d3dy53My5vcmcvMjAwMC9zdmciPjwvc3ZnPg==\" class=\"lazyload\" data-load-mode=\"1\"><\/iframe><\/p>\n\n\n\n<div class=\"wp-block-columns is-layout-flex wp-container-core-columns-is-layout-28f84493 wp-block-columns-is-layout-flex\">\n<div class=\"wp-block-column is-layout-flow wp-block-column-is-layout-flow\" style=\"flex-basis:50%\">\n<div class=\"wp-block-buttons is-layout-flex wp-block-buttons-is-layout-flex\">\n<div class=\"wp-block-button aligncenter\"><a class=\"wp-block-button__link has-ast-global-color-0-background-color has-background wp-element-button\" href=\"https:\/\/unpetitbrin.fr\/index.php\/boutique\/\">Boutique en ligne<\/a><\/div>\n<\/div>\n<\/div>\n<\/div>\n","protected":false},"excerpt":{"rendered":"<p>Notre d\u00e9marche de producteurs locaux s\u2019inscrit dans une volont\u00e9 de consommer localement.C\u2019est pourquoi le fruit de notre production est en vente directe sur les march\u00e9s environnants notre ferme : Vous pouvez \u00e9galement retrouver nos produits en vente dans diff\u00e9rentes boutiques dans l\u2019environnement proche de notre ferme :<\/p>\n","protected":false},"author":1,"featured_media":0,"parent":0,"menu_order":0,"comment_status":"closed","ping_status":"closed","template":"","meta":{"site-sidebar-layout":"default","site-content-layout":"","ast-site-content-layout":"default","site-content-style":"default","site-sidebar-style":"default","ast-global-header-display":"","ast-banner-title-visibility":"","ast-main-header-display":"","ast-hfb-above-header-display":"","ast-hfb-below-header-display":"","ast-hfb-mobile-header-display":"","site-post-title":"","ast-breadcrumbs-content":"","ast-featured-img":"","footer-sml-layout":"","ast-disable-related-posts":"","theme-transparent-header-meta":"","adv-header-id-meta":"","stick-header-meta":"","header-above-stick-meta":"","header-main-stick-meta":"","header-below-stick-meta":"","astra-migrate-meta-layouts":"default","ast-page-background-enabled":"default","ast-page-background-meta":{"desktop":{"background-color":"var(--ast-global-color-4)","background-image":"","background-repeat":"repeat","background-position":"center center","background-size":"auto","background-attachment":"scroll","background-type":"","background-media":"","overlay-type":"","overlay-color":"","overlay-opacity":"","overlay-gradient":""},"tablet":{"background-color":"","background-image":"","background-repeat":"repeat","background-position":"center center","background-size":"auto","background-attachment":"scroll","background-type":"","background-media":"","overlay-type":"","overlay-color":"","overlay-opacity":"","overlay-gradient":""},"mobile":{"background-color":"","background-image":"","background-repeat":"repeat","background-position":"center center","background-size":"auto","background-attachment":"scroll","background-type":"","background-media":"","overlay-type":"","overlay-color":"","overlay-opacity":"","overlay-gradient":""}},"ast-content-background-meta":{"desktop":{"background-color":"var(--ast-global-color-5)","background-image":"","background-repeat":"repeat","background-position":"center center","background-size":"auto","background-attachment":"scroll","background-type":"","background-media":"","overlay-type":"","overlay-color":"","overlay-opacity":"","overlay-gradient":""},"tablet":{"background-color":"var(--ast-global-color-5)","background-image":"","background-repeat":"repeat","background-position":"center center","background-size":"auto","background-attachment":"scroll","background-type":"","background-media":"","overlay-type":"","overlay-color":"","overlay-opacity":"","overlay-gradient":""},"mobile":{"background-color":"var(--ast-global-color-5)","background-image":"","background-repeat":"repeat","background-position":"center center","background-size":"auto","background-attachment":"scroll","background-type":"","background-media":"","overlay-type":"","overlay-color":"","overlay-opacity":"","overlay-gradient":""}},"footnotes":""},"class_list":["post-320","page","type-page","status-publish","hentry"],"jetpack-related-posts":[],"jetpack_sharing_enabled":true,"_links":{"self":[{"href":"https:\/\/unpetitbrin.fr\/index.php\/wp-json\/wp\/v2\/pages\/320","targetHints":{"allow":["GET"]}}],"collection":[{"href":"https:\/\/unpetitbrin.fr\/index.php\/wp-json\/wp\/v2\/pages"}],"about":[{"href":"https:\/\/unpetitbrin.fr\/index.php\/wp-json\/wp\/v2\/types\/page"}],"author":[{"embeddable":true,"href":"https:\/\/unpetitbrin.fr\/index.php\/wp-json\/wp\/v2\/users\/1"}],"replies":[{"embeddable":true,"href":"https:\/\/unpetitbrin.fr\/index.php\/wp-json\/wp\/v2\/comments?post=320"}],"version-history":[{"count":23,"href":"https:\/\/unpetitbrin.fr\/index.php\/wp-json\/wp\/v2\/pages\/320\/revisions"}],"predecessor-version":[{"id":684,"href":"https:\/\/unpetitbrin.fr\/index.php\/wp-json\/wp\/v2\/pages\/320\/revisions\/684"}],"wp:attachment":[{"href":"https:\/\/unpetitbrin.fr\/index.php\/wp-json\/wp\/v2\/media?parent=320"}],"curies":[{"name":"wp","href":"https:\/\/api.w.org\/{rel}","templated":true}]}}