{"id":252,"date":"2022-05-15T18:55:31","date_gmt":"2022-05-15T16:55:31","guid":{"rendered":"https:\/\/unpetitbrin.fr\/?page_id=252"},"modified":"2025-08-13T19:27:12","modified_gmt":"2025-08-13T17:27:12","slug":"mentions-legales","status":"publish","type":"page","link":"https:\/\/unpetitbrin.fr\/index.php\/mentions-legales\/","title":{"rendered":"MENTIONS LEGALES"},"content":{"rendered":"\n<h3 class=\"wp-block-heading\" id=\"propriete\">PROPRI\u00c9T\u00c9&nbsp;<\/h3>\n\n\n\n<p>Vous \u00eates actuellement connect\u00e9 au site <a href=\"http:\/\/www.unpetitbrin.fr\" data-type=\"URL\" data-id=\"www.unpetitbrin.fr\">unpetitbrin.fr<\/a><\/p>\n\n\n\n<p>Le pr\u00e9sent site est la propri\u00e9t\u00e9 de&nbsp;<strong>Les plantes du tertre &#8211; J\u00e9r\u00f4me BORTOLIN &#8211; exploitant agricole.<\/strong><\/p>\n\n\n\n<p><strong>SIRET<\/strong>&nbsp;: 522 248 350 00038<\/p>\n\n\n\n<p><strong>N\u00b0 TVA<\/strong>\u00a0: FR92522248350<\/p>\n\n\n\n<p><strong>Si\u00e8ge social<\/strong>&nbsp;: 359 C\u00f4te de Montauban 24170 CARVES &#8211; France<\/p>\n\n\n\n<p>Vous pouvez&nbsp;<strong>nous contacter<\/strong>&nbsp;: <\/p>\n\n\n\n<ul class=\"wp-block-list\">\n<li>par t\u00e9l\u00e9phone au 06 75 43 51 82,<\/li>\n\n\n\n<li>par e-mail \u00e0&nbsp;<a href=\"mailto:lesplantesdutertre@hotmail.fr\">lesplantesdutertre@hotmail.fr<\/a><\/li>\n\n\n\n<li>et par courrier : <strong>Les plantes du tertre<\/strong> 359 C\u00f4te de Montauban 24170 CARVES &#8211; France<\/li>\n<\/ul>\n\n\n\n<p><strong>Directeurs de la R\u00e9daction et de la Publication<\/strong>&nbsp;: Claire GUILLOTEAU et J\u00e9r\u00f4me BORTOLIN<\/p>\n\n\n\n<h3 class=\"wp-block-heading\" id=\"hebergement\">H\u00c9BERGEMENT&nbsp;<\/h3>\n\n\n\n<p>Ce site internet est h\u00e9berg\u00e9 par&nbsp;OVH SAS au capital de 10 174 560 \u20ac RCS Lille M\u00e9tropole 424 761 419 00045<br>Code APE 2620Z<br>N\u00b0 TVA : FR 22 424 761 419<br>Si\u00e8ge social : 2 rue Kellermann &#8211; 59100 Roubaix &#8211; France<\/p>\n\n\n\n<h3 class=\"wp-block-heading\" id=\"donnees-personnelles\">DONN\u00c9ES PERSONNELLES&nbsp;<\/h3>\n\n\n\n<p>Conform\u00e9ment \u00e0 la loi \u00ab\u00a0<strong>Informatique et libert\u00e9<\/strong>\u00a0\u00bb du 6 janvier 1978 modifi\u00e9e, vous disposez d&rsquo;un droit d&rsquo;acc\u00e8s, de modification de rectification et de suppression des donn\u00e9es qui vous concernent. Pour ce faire, il vous suffit de vous adresser \u00e0 nous par t\u00e9l\u00e9phone au 06 75 43 51 82, par e-mail \u00e0&nbsp;<a href=\"mailto:lesplantesdutertre@hotmail.fr\">lesplantesdutertre@hotmail.fr<\/a> ou par courrier : <strong>Les plantes du tertre<\/strong> \u00ab\u00a0C\u00f4te de Montauban\u00a0\u00bb 24170 CARVES &#8211; France<\/p>\n\n\n\n<p>Comme tout site de vente en ligne, nous utilisons les donn\u00e9es personnelles que vous nous&nbsp;confiez pour g\u00e9rer vos commandes.&nbsp;Ces donn\u00e9es ne sont ni c\u00e9d\u00e9es, ni vendues, ni lou\u00e9es \u00e0 des tiers. Nous les conservons pendant 10 ans si elles concernent une commande, 1 an si elles concernent un panier.<\/p>\n\n\n\n<p>Nous n&rsquo;avons pas acc\u00e8s \u00e0 vos donn\u00e9es bancaires lors de votre paiement en ligne. Le paiement s&rsquo;effectue directement&nbsp;sur les plateformes s\u00e9curis\u00e9es de nos partenaires Ingenico (pour les paiement par carte bancaires) et Paypal.<\/p>\n\n\n\n<h3 class=\"wp-block-heading\" id=\"propriete-intellectuelle\">PROPRI\u00c9T\u00c9 INTELLECTUELLE&nbsp;<\/h3>\n\n\n\n<p>Le pr\u00e9sent site constitue une \u0153uvre de l\u2019esprit prot\u00e9g\u00e9e par les dispositions du Code de la propri\u00e9t\u00e9 intellectuelle.<\/p>\n\n\n\n<p>Le site et l\u2019ensemble des \u00e9l\u00e9ments qui le composent sont la propri\u00e9t\u00e9 exclusive de <strong>Les plantes du tertre &#8211; J\u00e9r\u00f4me BORTOLIN &#8211; exploitant agricole<\/strong> ou de tiers nous ayant autoris\u00e9 \u00e0 les utiliser. Ces \u00e9l\u00e9ments sont prot\u00e9g\u00e9s par le droit national et international de la propri\u00e9t\u00e9 intellectuelle.<\/p>\n\n\n\n<p>La reproduction de tous documents publi\u00e9s sur le site est seulement autoris\u00e9e aux fins exclusives d\u2019information pour un usage strictement personnel et priv\u00e9. Toute reproduction et\/ou repr\u00e9sentation, int\u00e9grale ou partielle, du site ou de l\u2019un des \u00e9l\u00e9ments qui le composent, sur quelque support et par quelque moyen que ce soit, \u00e0 d\u2019autres fins, est soumise \u00e0 autorisation expresse, \u00e9crite et pr\u00e9alable du directeur de la r\u00e9daction du pr\u00e9sent site.&nbsp;<\/p>\n","protected":false},"excerpt":{"rendered":"<p>PROPRI\u00c9T\u00c9&nbsp; Vous \u00eates actuellement connect\u00e9 au site unpetitbrin.fr Le pr\u00e9sent site est la propri\u00e9t\u00e9 de&nbsp;Les plantes du tertre &#8211; J\u00e9r\u00f4me BORTOLIN &#8211; exploitant agricole. SIRET&nbsp;: 522 248 350 00038 N\u00b0 TVA\u00a0: FR92522248350 Si\u00e8ge social&nbsp;: 359 C\u00f4te de Montauban 24170 CARVES &#8211; France Vous pouvez&nbsp;nous contacter&nbsp;: Directeurs de la R\u00e9daction et de la Publication&nbsp;: Claire GUILLOTEAU [&hellip;]<\/p>\n","protected":false},"author":1,"featured_media":0,"parent":0,"menu_order":1,"comment_status":"closed","ping_status":"closed","template":"","meta":{"site-sidebar-layout":"default","site-content-layout":"","ast-site-content-layout":"default","site-content-style":"default","site-sidebar-style":"default","ast-global-header-display":"","ast-banner-title-visibility":"","ast-main-header-display":"","ast-hfb-above-header-display":"","ast-hfb-below-header-display":"","ast-hfb-mobile-header-display":"","site-post-title":"","ast-breadcrumbs-content":"","ast-featured-img":"","footer-sml-layout":"","ast-disable-related-posts":"","theme-transparent-header-meta":"","adv-header-id-meta":"","stick-header-meta":"","header-above-stick-meta":"","header-main-stick-meta":"","header-below-stick-meta":"","astra-migrate-meta-layouts":"set","ast-page-background-enabled":"default","ast-page-background-meta":{"desktop":{"background-color":"var(--ast-global-color-4)","background-image":"","background-repeat":"repeat","background-position":"center center","background-size":"auto","background-attachment":"scroll","background-type":"","background-media":"","overlay-type":"","overlay-color":"","overlay-opacity":"","overlay-gradient":""},"tablet":{"background-color":"","background-image":"","background-repeat":"repeat","background-position":"center center","background-size":"auto","background-attachment":"scroll","background-type":"","background-media":"","overlay-type":"","overlay-color":"","overlay-opacity":"","overlay-gradient":""},"mobile":{"background-color":"","background-image":"","background-repeat":"repeat","background-position":"center center","background-size":"auto","background-attachment":"scroll","background-type":"","background-media":"","overlay-type":"","overlay-color":"","overlay-opacity":"","overlay-gradient":""}},"ast-content-background-meta":{"desktop":{"background-color":"var(--ast-global-color-5)","background-image":"","background-repeat":"repeat","background-position":"center center","background-size":"auto","background-attachment":"scroll","background-type":"","background-media":"","overlay-type":"","overlay-color":"","overlay-opacity":"","overlay-gradient":""},"tablet":{"background-color":"var(--ast-global-color-5)","background-image":"","background-repeat":"repeat","background-position":"center center","background-size":"auto","background-attachment":"scroll","background-type":"","background-media":"","overlay-type":"","overlay-color":"","overlay-opacity":"","overlay-gradient":""},"mobile":{"background-color":"var(--ast-global-color-5)","background-image":"","background-repeat":"repeat","background-position":"center center","background-size":"auto","background-attachment":"scroll","background-type":"","background-media":"","overlay-type":"","overlay-color":"","overlay-opacity":"","overlay-gradient":""}},"footnotes":""},"class_list":["post-252","page","type-page","status-publish","hentry"],"jetpack-related-posts":[],"jetpack_sharing_enabled":true,"_links":{"self":[{"href":"https:\/\/unpetitbrin.fr\/index.php\/wp-json\/wp\/v2\/pages\/252","targetHints":{"allow":["GET"]}}],"collection":[{"href":"https:\/\/unpetitbrin.fr\/index.php\/wp-json\/wp\/v2\/pages"}],"about":[{"href":"https:\/\/unpetitbrin.fr\/index.php\/wp-json\/wp\/v2\/types\/page"}],"author":[{"embeddable":true,"href":"https:\/\/unpetitbrin.fr\/index.php\/wp-json\/wp\/v2\/users\/1"}],"replies":[{"embeddable":true,"href":"https:\/\/unpetitbrin.fr\/index.php\/wp-json\/wp\/v2\/comments?post=252"}],"version-history":[{"count":5,"href":"https:\/\/unpetitbrin.fr\/index.php\/wp-json\/wp\/v2\/pages\/252\/revisions"}],"predecessor-version":[{"id":786,"href":"https:\/\/unpetitbrin.fr\/index.php\/wp-json\/wp\/v2\/pages\/252\/revisions\/786"}],"wp:attachment":[{"href":"https:\/\/unpetitbrin.fr\/index.php\/wp-json\/wp\/v2\/media?parent=252"}],"curies":[{"name":"wp","href":"https:\/\/api.w.org\/{rel}","templated":true}]}}